{"id":49,"date":"2016-07-30T14:46:54","date_gmt":"2016-07-30T14:46:54","guid":{"rendered":"http:\/\/printmediawerk.de\/?page_id=49"},"modified":"2018-11-08T09:00:14","modified_gmt":"2018-11-08T09:00:14","slug":"agb","status":"publish","type":"page","link":"https:\/\/www.printmedienwerk.de\/?page_id=49","title":{"rendered":"AGB"},"content":{"rendered":"<p>1. Preise<br \/>\nM\u00fcndliche Preisangebote werden erst nach schriftlicher Auftragsbest\u00e4tigung verbindlich. Mangels besonderer Preisvereinbarungen gelten die Listenpreise des Lieferanten. Die in unserer Preisliste genannten Preise verstehen sich incl. der gesetzlichen Mehrwertsteuer. Inzwischen eingetretene Preiserh\u00f6hungen, Fehler und irrt\u00fcmliche Angaben in Preislisten, Produktinformationen und dgl., Berechtigen nicht zu Abz\u00fcgen irgendwelcher Art.<\/p>\n<p>2. Urheberrecht<br \/>\nDer Kunde erkl\u00e4rt, alle Rechte (Eigentums-, Urheberrecht etc.) an dem f\u00fcr ihn zu vervielf\u00e4ltigenden St\u00fcck zu besitzen und \u00fcbernimmt dementsprechend f\u00fcr alle Sch\u00e4den, die durch etwaige unberechtigte Vervielf\u00e4ltigungen gleichwohl entstehen, die gesamte Haftung.<\/p>\n<p>3. Lieferung<br \/>\nAlle Sendungen erfolgen auf Rechnung und Gefahr des Auftraggebers. Jede Sendung, bei der \u00e4u\u00dferlich eine Besch\u00e4digung erkennbar ist, ist vom Empf\u00e4nger nur anzunehmen unter Feststellung des Schadens durch das Transportunternehmen. Sofern dies seitens des Empf\u00e4ngers unterbleibt, erlischt jegliche Haftung unsererseits. Porto und Verpackung werden zum Selbstkostenpreis berechnet. Falls Abholung durch den Kunden vereinbart ist, so erfolgt die Aush\u00e4ndigung von Originalen und Waren ohne Pr\u00fcfung der Berechtigung des Abholers gegen Vorlage der bei der Bestellung auf Wunsch erteilten Empfangsbest\u00e4tigung. Anspr\u00fcche aus der Aush\u00e4ndigung an einen Nichtberechtigten k\u00f6nnen nicht abgeleitet werden. Vereinbarte Lieferzeiten werden nach bester M\u00f6glichkeit eingehalten.<\/p>\n<p>4. M\u00e4ngelr\u00fcge<br \/>\nBeanstandungen wegen offensichtlicher Fehler werden nur ber\u00fccksichtigt, wenn sie sofort, sp\u00e4testens aber innerhalb von acht Tagen, nach Lieferung unter Beif\u00fcgung aller Unterlagen, auch der Kopiervorlagen (Originale) schriftlich erfolgen. Bei berechtigter Beanstandung erfolgt Ersatzlieferung bzw. Gutschrift. Eine R\u00fccknahme oder Schadensersatzanspr\u00fcche jeglicher Art sind ausgeschlossen.<\/p>\n<p>5. Eigentumsvorbehalt<br \/>\nAlle gelieferten Waren bleiben bis zur Erf\u00fcllung s\u00e4mtlicher dem Lieferanten gegen den Abnehmer zustehenden Forderungen Eigentum des Lieferanten. An die Stelle der gelieferten Waren treten, wenn sie ver\u00e4u\u00dfert oder einem Dritten \u00fcbergeben worden sind, alle Anspr\u00fcche, welche der Abnehmer gegen den Dritten hat, ohne dass es dazu einer ausdr\u00fccklichen Abtretung oder Anzeige an den Lieferantenbedarf.<\/p>\n<p>6. Gew\u00e4hrleistung<br \/>\nAuch bei gr\u00f6\u00dfter Sorgfalt k\u00f6nnen Abweichungen hinsichtlich der Papierqualit\u00e4t, der T\u00f6nung u. dgl. auftreten, die deshalb vorbehalten werden m\u00fcssen. Bei ma\u00dfst\u00e4blichen Arbeiten wird Gew\u00e4hr f\u00fcr genaue Einstellungen \u00fcbernommen. Ma\u00dfdifferenzen, die durch Schrumpfung oder Dehnung der verwendeten Materialien entstehen, bleiben vorbehalten. F\u00fcr Ver\u00e4nderungen, die nachtr\u00e4glich durch \u00e4u\u00dfere Einfl\u00fcsse (Witterung, Licht, Feuchtigkeit u. dgl.) eintreten, wird nur insoweit gehaftet, als diese durch unsachgem\u00e4\u00dfe Arbeit verschuldet sind. F\u00fcr Arbeiten, die infolge Material- oder Bearbeitungsfehler unbrauchbar sind, wird kostenloser Ersatz geliefert. Weitergehende Ersatzanspr\u00fcche sind ausgeschlossen. F\u00fcr Handelsware wird die von den Vorlieferanten geleistete Gew\u00e4hr \u00fcbernommen. Eine Haftung f\u00fcr Besch\u00e4digung, fehlerhafte Verarbeitung oder Abhandenkommen der Unterlagen \u00fcbernehmen wir nur in H\u00f6he des Materialwertes.<\/p>\n<p>7. Zahlung<br \/>\nWarenlieferungen bis zu einem Gesamtbetrag von \u20ac 250,- sind sofort bar oder per Electronic Cash zu bezahlen. F\u00fcr Rechnungsstellung bei einem Gesamtbetrag von unter \u20ac 250,- werden pro Rechnung \u20ac 25,- Mindermengenzuschlag verrechnet. Rechnungen sind sofort bei Erhalt der Ware zahlbar ohne jedweden Abzug, sofern nicht andere Zahlungsbedingungen vereinbart worden sind. Mindestrechnungsbetrag \u20ac 250,-. Sollte ein vom Auftraggeber angegebener Rechnungsempf\u00e4nger nicht fristgerecht zahlen, ist der Auftraggeber in jedem Fall verpflichtet, den entsprechenden Rechnungsbetrag an die Firma Printmedienwerk GmbH auszugleichen. Grunds\u00e4tzlich ist nur der Auftraggeber unser Vertragspartner, an den wir unsere Verg\u00fctungsanspr\u00fcche richten. Eine Vereinbarung mit dem Auftraggeber, wonach ein Dritter zur \u00dcbernahme der durch den Auftrag entstandenen Kosten verpflichtet sein soll, hat keine G\u00fcltigkeit. Bei Ziel\u00fcberschreitung werden Verzugszinsen von 2 % \u00fcber dem Diskontsatz der Deutschen Bundesbank berechnet, sowie eine Mahngeb\u00fchr. Bei nicht termingerechter Zahlung einer bereits angemahnten Rechnung beauftragen wir ein Inkassounternehmen mit dem Forderungsinkasso. Dadurch entstehende Kosten tr\u00e4gt der Schuldner. Im Bedarfsfall werden Vertragsanw\u00e4lte des Inkassounternehmens (bzw. deren Beauftragte) das gerichtliche Inkasso betreiben. Alle in diesem Zusammenhang anfallenden Kosten tr\u00e4gt der Schuldner. Alle gegen den Besteller bestehenden Forderungen werden sofort f\u00e4llig bei Klageerhebung oder wenn das Konkursverfahren er\u00f6ffnet wird.<\/p>\n<p>8. Schneidearbeiten<br \/>\nBei Schneidearbeiten sind die Originale so vorzubereiten, dass zwischen der Schnittkante und dem Text wenigstens 3 mm Zwischenraum besteht, damit Wanderungsdifferenzen ausgeglichen werden k\u00f6nnen. Ohne diese Voraussetzung kann keine Gew\u00e4hr f\u00fcr Schneidearbeiten \u00fcbernommen werden.<\/p>\n<p>9. Datenschutz<br \/>\nDie im Rahmen der Webseiten der Printmedienwerk GmbH erhobenen personenbezogenen Daten werden ohne Ihre Einwilligung nur zur Vertragsabwicklung und Bearbeitung Ihrer Anfragen genutzt. Dar\u00fcber hinaus erfolgt eine Nutzung Ihrer Daten f\u00fcr Zwecke der Werbung und Marktforschung sowie zur bedarfsgerechten Gestaltung der elektronischen Dienste der Printmedienwerk GmbH.<br \/>\nIm \u00fcbrigen findet keine Weitergabe an sonstige Dritte statt. Ihre jeweilige Einwilligunng k\u00f6nnen Sie selbstverst\u00e4ndlich jederzeit mit Wirkung f\u00fcr die Zukunft widerrufen.<\/p>\n<p>10. Gerichtsstand<br \/>\nAls Erf\u00fcllungsort und Gerichtsstand gilt N\u00fcrnberg als vereinbart.<\/p>\n<p>Stand 08.11.2018<\/p>\n<p>Die Annahme von Auftr\u00e4gen erfolgt nur unter oben genannten Bedingungen. Auftragserteilung gilt als Anerkennung der Gesch\u00e4fts- und Lieferbedingungen.<\/p>\n","protected":false},"excerpt":{"rendered":"<p>1. Preise M\u00fcndliche Preisangebote werden erst nach schriftlicher Auftragsbest\u00e4tigung verbindlich. Mangels besonderer Preisvereinbarungen gelten die Listenpreise des Lieferanten. Die in unserer Preisliste genannten Preise verstehen sich incl. der gesetzlichen Mehrwertsteuer. Inzwischen eingetretene Preiserh\u00f6hungen, Fehler und irrt\u00fcmliche Angaben in Preislisten, Produktinformationen und dgl., Berechtigen nicht zu Abz\u00fcgen irgendwelcher Art. 2. Urheberrecht Der Kunde erkl\u00e4rt, alle Rechte (Eigentums-, Urheberrecht etc.) an dem f\u00fcr ihn zu vervielf\u00e4ltigenden St\u00fcck zu besitzen und \u00fcbernimmt dementsprechend f\u00fcr alle Sch\u00e4den, die durch etwaige unberechtigte Vervielf\u00e4ltigungen gleichwohl entstehen, die gesamte Haftung. 3. Lieferung Alle Sendungen erfolgen auf Rechnung und Gefahr des Auftraggebers. Jede Sendung, bei der \u00e4u\u00dferlich eine Besch\u00e4digung erkennbar ist, ist vom Empf\u00e4nger nur anzunehmen unter Feststellung des Schadens durch das Transportunternehmen. Sofern dies seitens des Empf\u00e4ngers unterbleibt, erlischt jegliche Haftung unsererseits. Porto und Verpackung werden zum Selbstkostenpreis berechnet. Falls Abholung durch den Kunden vereinbart ist, so erfolgt die Aush\u00e4ndigung von Originalen und Waren ohne Pr\u00fcfung der Berechtigung des Abholers gegen Vorlage der bei der Bestellung auf Wunsch erteilten Empfangsbest\u00e4tigung. Anspr\u00fcche aus der Aush\u00e4ndigung an einen Nichtberechtigten k\u00f6nnen nicht abgeleitet werden. Vereinbarte Lieferzeiten werden nach bester M\u00f6glichkeit eingehalten. 4. M\u00e4ngelr\u00fcge Beanstandungen wegen offensichtlicher Fehler werden nur ber\u00fccksichtigt, wenn sie sofort, sp\u00e4testens aber innerhalb von acht Tagen, nach Lieferung unter Beif\u00fcgung aller Unterlagen, auch der Kopiervorlagen (Originale) schriftlich erfolgen. Bei berechtigter Beanstandung erfolgt Ersatzlieferung bzw. Gutschrift. Eine R\u00fccknahme oder Schadensersatzanspr\u00fcche jeglicher Art sind ausgeschlossen. 5. Eigentumsvorbehalt Alle gelieferten Waren bleiben bis zur Erf\u00fcllung s\u00e4mtlicher dem Lieferanten gegen den Abnehmer zustehenden Forderungen Eigentum des Lieferanten. An die Stelle der gelieferten Waren treten, wenn sie ver\u00e4u\u00dfert oder einem Dritten \u00fcbergeben worden sind, alle Anspr\u00fcche, welche der Abnehmer gegen den Dritten hat, ohne dass es dazu einer ausdr\u00fccklichen Abtretung oder Anzeige an den Lieferantenbedarf. 6. Gew\u00e4hrleistung Auch bei gr\u00f6\u00dfter Sorgfalt k\u00f6nnen Abweichungen hinsichtlich der Papierqualit\u00e4t, der T\u00f6nung u. dgl. auftreten, die deshalb vorbehalten werden m\u00fcssen. Bei ma\u00dfst\u00e4blichen Arbeiten wird Gew\u00e4hr f\u00fcr genaue Einstellungen \u00fcbernommen. Ma\u00dfdifferenzen, die durch Schrumpfung oder Dehnung der verwendeten Materialien entstehen, bleiben vorbehalten. F\u00fcr Ver\u00e4nderungen, die nachtr\u00e4glich durch \u00e4u\u00dfere Einfl\u00fcsse (Witterung, Licht, Feuchtigkeit u. dgl.) eintreten, wird nur insoweit gehaftet, als diese durch unsachgem\u00e4\u00dfe Arbeit verschuldet sind. F\u00fcr Arbeiten, die infolge Material- oder Bearbeitungsfehler unbrauchbar sind, wird kostenloser Ersatz geliefert. Weitergehende Ersatzanspr\u00fcche sind ausgeschlossen. F\u00fcr Handelsware wird die von den Vorlieferanten geleistete Gew\u00e4hr \u00fcbernommen. Eine Haftung f\u00fcr Besch\u00e4digung, fehlerhafte Verarbeitung oder Abhandenkommen der Unterlagen \u00fcbernehmen wir nur in H\u00f6he des Materialwertes. 7. Zahlung Warenlieferungen bis zu einem Gesamtbetrag von \u20ac 250,- sind sofort bar oder per Electronic Cash zu bezahlen. F\u00fcr Rechnungsstellung bei einem Gesamtbetrag von unter \u20ac 250,- werden pro Rechnung \u20ac 25,- Mindermengenzuschlag verrechnet. Rechnungen sind sofort bei Erhalt der Ware zahlbar ohne jedweden Abzug, sofern nicht andere Zahlungsbedingungen vereinbart worden sind. Mindestrechnungsbetrag \u20ac 250,-. Sollte ein vom Auftraggeber angegebener Rechnungsempf\u00e4nger nicht fristgerecht zahlen, ist der Auftraggeber in jedem Fall verpflichtet, den entsprechenden Rechnungsbetrag an die Firma Printmedienwerk GmbH auszugleichen. Grunds\u00e4tzlich ist nur der Auftraggeber unser Vertragspartner, an den wir unsere Verg\u00fctungsanspr\u00fcche richten. Eine Vereinbarung mit dem Auftraggeber, wonach ein Dritter zur \u00dcbernahme der durch den Auftrag entstandenen Kosten verpflichtet sein soll, hat keine G\u00fcltigkeit. Bei Ziel\u00fcberschreitung werden Verzugszinsen von 2 % \u00fcber dem Diskontsatz der Deutschen Bundesbank berechnet, sowie eine Mahngeb\u00fchr. Bei nicht termingerechter Zahlung einer bereits angemahnten Rechnung beauftragen wir ein Inkassounternehmen mit dem Forderungsinkasso. Dadurch entstehende Kosten tr\u00e4gt der Schuldner. Im Bedarfsfall werden Vertragsanw\u00e4lte des Inkassounternehmens (bzw. deren Beauftragte) das gerichtliche Inkasso betreiben. Alle in diesem Zusammenhang anfallenden Kosten tr\u00e4gt der Schuldner. Alle gegen den Besteller bestehenden Forderungen werden sofort f\u00e4llig bei Klageerhebung oder wenn das Konkursverfahren er\u00f6ffnet wird. 8. Schneidearbeiten Bei Schneidearbeiten sind die Originale so vorzubereiten, dass zwischen der Schnittkante und dem Text wenigstens 3 mm Zwischenraum besteht, damit Wanderungsdifferenzen ausgeglichen werden k\u00f6nnen. Ohne diese Voraussetzung kann keine Gew\u00e4hr f\u00fcr Schneidearbeiten \u00fcbernommen werden. 9. Datenschutz Die im Rahmen der Webseiten der Printmedienwerk GmbH erhobenen personenbezogenen Daten werden ohne Ihre Einwilligung nur zur Vertragsabwicklung und Bearbeitung Ihrer Anfragen genutzt. Dar\u00fcber hinaus erfolgt eine Nutzung Ihrer Daten f\u00fcr Zwecke der Werbung und Marktforschung sowie zur bedarfsgerechten Gestaltung der elektronischen Dienste der Printmedienwerk GmbH. Im \u00fcbrigen findet keine Weitergabe an sonstige Dritte statt. Ihre jeweilige Einwilligunng k\u00f6nnen Sie selbstverst\u00e4ndlich jederzeit mit Wirkung f\u00fcr die Zukunft widerrufen. 10. Gerichtsstand Als Erf\u00fcllungsort und Gerichtsstand gilt N\u00fcrnberg als vereinbart. Stand 08.11.2018 Die Annahme von Auftr\u00e4gen erfolgt nur unter oben genannten Bedingungen. Auftragserteilung gilt als Anerkennung der Gesch\u00e4fts- und Lieferbedingungen.<\/p>\n","protected":false},"author":1,"featured_media":0,"parent":2,"menu_order":0,"comment_status":"closed","ping_status":"closed","template":"","meta":{"footnotes":""},"class_list":["post-49","page","type-page","status-publish","hentry"],"_links":{"self":[{"href":"https:\/\/www.printmedienwerk.de\/index.php?rest_route=\/wp\/v2\/pages\/49","targetHints":{"allow":["GET"]}}],"collection":[{"href":"https:\/\/www.printmedienwerk.de\/index.php?rest_route=\/wp\/v2\/pages"}],"about":[{"href":"https:\/\/www.printmedienwerk.de\/index.php?rest_route=\/wp\/v2\/types\/page"}],"author":[{"embeddable":true,"href":"https:\/\/www.printmedienwerk.de\/index.php?rest_route=\/wp\/v2\/users\/1"}],"replies":[{"embeddable":true,"href":"https:\/\/www.printmedienwerk.de\/index.php?rest_route=%2Fwp%2Fv2%2Fcomments&post=49"}],"version-history":[{"count":3,"href":"https:\/\/www.printmedienwerk.de\/index.php?rest_route=\/wp\/v2\/pages\/49\/revisions"}],"predecessor-version":[{"id":973,"href":"https:\/\/www.printmedienwerk.de\/index.php?rest_route=\/wp\/v2\/pages\/49\/revisions\/973"}],"up":[{"embeddable":true,"href":"https:\/\/www.printmedienwerk.de\/index.php?rest_route=\/wp\/v2\/pages\/2"}],"wp:attachment":[{"href":"https:\/\/www.printmedienwerk.de\/index.php?rest_route=%2Fwp%2Fv2%2Fmedia&parent=49"}],"curies":[{"name":"wp","href":"https:\/\/api.w.org\/{rel}","templated":true}]}}