{"id":300,"date":"2017-04-06T11:16:23","date_gmt":"2017-04-06T11:16:23","guid":{"rendered":"http:\/\/www.copy-factory.de\/?page_id=300"},"modified":"2026-02-25T10:51:03","modified_gmt":"2026-02-25T10:51:03","slug":"anfrage","status":"publish","type":"page","link":"https:\/\/www.printmedienwerk.de\/?page_id=300","title":{"rendered":"Anfrage"},"content":{"rendered":"<form enctype=\"multipart\/form-data\" method=\"post\" id=\"psfb299\" action=\"https:\/\/www.printmedienwerk.de\/?page_id=300\" class=\"planso-form-builder\" data-id=\"299\" data-cnt=\"1\" id=\"planso_forms_299_1\" data-locale=\"de\" data-locale_long=\"de_DE\" data-datepicker=\"bootstrap-datetimepicker\" data-date_format=\"d.m.y\" data-moment_date_format=\"DD.MM.YY\" data-jqueryui_date_format=\"dd.mm.y\" data-eternicode_date_format=\"dd.mm.yy\"><style type=\"text\/css\">#psfb299 .has-error,#psfb299 .has-error label.control-label{color:#DD0000;}#psfb299 .has-error input,#psfb299 .has-error textarea,#psfb299 .has-error select{color:#DD0000;border-color:#DD0000;}#psfb299 .has-success,#psfb299 .has-success label.control-label{color:#4eaf19;}#psfb299 .has-success input,#psfb299 .has-success textarea,#psfb299 .has-success select{color:#4eaf19;border-color:#4eaf19;}#psfb299 .has-warning,#psfb299 .has-warning label.control-label{color:#DD9900;}#psfb299 .has-warning input,#psfb299 .has-warning textarea,#psfb299 .has-warning select{color:#DD9900;border-color:#DD9900;}<\/style><div class=\"container-fluid\"><input type=\"hidden\" name=\"psfb_pageurl\" value=\"https:\/\/www.printmedienwerk.de\/?page_id=300\"\/><input type=\"hidden\" name=\"psfb_userip\" value=\"216.73.217.132\"\/><input type=\"hidden\" name=\"psfb_useragent\" value=\"Mozilla\/5.0 AppleWebKit\/537.36 (KHTML, like Gecko; compatible; ClaudeBot\/1.0; +claudebot@anthropic.com)\"\/><input type=\"hidden\" name=\"psfb_landingpage\" value=\"http:\/\/www.printmedienwerk.de\/index.php?rest_route=%2Fwp%2Fv2%2Fpages%2F300\"\/><input type=\"hidden\" name=\"psfb_referer\" value=\"Direct\"\/><input type=\"hidden\" name=\"psfb_page_id\" value=\"300\"\/><input type=\"hidden\" name=\"psfb_form_submit\" value=\"1\"\/><input type=\"hidden\" name=\"psfb_form_id\" value=\"299\"\/><input type=\"hidden\" name=\"psfb_form_cnt\" value=\"1\"\/><div style=\"display:none\"><input type=\"text\" name=\"psfb_hon_as\"\/><\/div><div style=\"display:none\"><input type=\"text\" name=\"psfb_hon_as2\" id=\"psfb_hon_as2_299_1\" value=\"ad185a2af358bcd533f694d069d759f9\"\/><\/div><div style=\"display:none\"><input type=\"text\" name=\"psfb_cnt_check\" value=\"1\"\/><\/div><noscript>Bitte aktivieren Sie JavaScript in Ihrem Browser, um das Formular korrekt abzuschicken<\/noscript><script type=\"text\/javascript\">document.write('<i'+'n'+'p'+'ut ty'+'pe=\"hi'+'dden\" value=\"'+document.getElementById(\"psfb_hon_as2_299_1\").value+'\" name=\"psfb_js_as\">');<\/script><input type=\"hidden\" autocomplete=\"off\" autocorrect=\"off\" name=\"oF-W-m-J-h-t-J\" value=\"\" \/><div class=\"row\"><div class=\"col-md-4\"><div class=\"form-group psfb-single-container\"><label class=\"control-label\" for=\"psfield_299_1\">Name<span class=\"psfb_required_mark\">*<\/span><\/label><div class=\"input-group\"><div class=\"input-group-addon\"><span class=\"fa fa-child\"><\/span><\/div><input type=\"text\" required=\"required\" data-required=\"required\" name=\"Name\" class=\"form-control  \" id=\"psfield_299_1\" style=\"\"\/><\/div><\/div><\/div><div class=\"col-md-4\"><div class=\"form-group psfb-single-container\"><label class=\"control-label\" for=\"psfield_299_2\">Firma<\/label><div class=\"input-group\"><div class=\"input-group-addon\"><span class=\"fa fa-building\"><\/span><\/div><input type=\"text\" name=\"Firma\" class=\"form-control  \" id=\"psfield_299_2\" style=\"\"\/><\/div><\/div><\/div><div class=\"col-md-4\"><div class=\"form-group psfb-single-container\"><label class=\"control-label\" for=\"psfield_299_3\">E-Mail<span class=\"psfb_required_mark\">*<\/span><\/label><div class=\"input-group\"><div class=\"input-group-addon\"><span class=\"fa fa-at\"><\/span><\/div><input type=\"email\" required=\"required\" data-required=\"required\" name=\"E_Mail\" class=\"form-control  \" id=\"psfield_299_3\" style=\"\"\/><\/div><\/div><\/div><\/div><div class=\"row\"><div class=\"col-md-6\"><div class=\"form-group psfb-single-container\"><label class=\"control-label\" for=\"psfield_299_4\">Telefon<\/label><div class=\"input-group\"><div class=\"input-group-addon\"><span class=\"fa fa-phone\"><\/span><\/div><input type=\"tel\" name=\"Telefon\" class=\"form-control  \" id=\"psfield_299_4\" style=\"\"\/><\/div><\/div><\/div><div class=\"col-md-6\"><div class=\"form-group psfb-single-container\"><label class=\"control-label\" for=\"psfield_299_5\">R\u00fcckruf?<\/label><div class=\"checkbox_wrapper\"><label class=\"checkbox-inline checkbox_wrapper\" style=\"\"><input type=\"checkbox\" value=\"Ja, bitte\" name=\"R_ckruf_[]\" id=\"psfield_299_5_1\">Ja, bitte<\/label><\/div><\/div><\/div><\/div><div class=\"row\"><div class=\"col-md-12\"><div class=\"form-group psfb-single-container\"><label class=\"control-label\" for=\"psfield_299_6\">Mitteilung<\/label><div class=\"input-group\"><div class=\"input-group-addon\"><span class=\"fa fa-align-left\"><\/span><\/div><textarea name=\"Mitteilung_1\" class=\"form-control  \" id=\"psfield_299_6\" style=\"height: 196px;\"><\/textarea><\/div><\/div><\/div><\/div><div class=\"row\"><div class=\"col-md-12\"><div class=\"form-group psfb-single-container\"><hr class=\"\"><\/div><\/div><\/div><div class=\"row\"><div class=\"col-md-12\"><div class=\"form-group psfb-single-container\"><p class=\"\">Optionale Angaben:<\/p><\/div><\/div><\/div><div class=\"row\"><div class=\"col-md-6\"><div class=\"form-group psfb-single-container\"><label class=\"control-label\" for=\"psfield_299_9\">Produktauswahl<\/label><select name=\"Produktauswahl\" class=\"form-control  \" id=\"psfield_299_9\" style=\"\"><option value=\"Abschlussarbeiten\">Abschlussarbeiten<\/option><option value=\"Banner\">Banner<\/option><option value=\"Briefbogen\">Briefbogen<\/option><option value=\"Brosch\u00fcren\">Brosch\u00fcren<\/option><option value=\"Durchschreibes\u00e4tze\">Durchschreibes\u00e4tze<\/option><option value=\"Faltbl\u00e4tter\">Faltbl\u00e4tter<\/option><option value=\"Flyer\" selected=\"selected\">Flyer<\/option><option value=\"Poster\">Poster<\/option><option value=\"Visitenkarten\">Visitenkarten<\/option><option value=\"Sonstiges\">Sonstiges<\/option><option value=\"Lose Blattsammlung\">Lose Blattsammlung<\/option><option value=\"Leinwandruck mit Keilrahmen\">Leinwandruck mit Keilrahmen<\/option><\/select><\/div><\/div><div class=\"col-md-6\"><div class=\"form-group psfb-single-container\"><label class=\"control-label\" for=\"psfield_299_10\">Anderes Produkt<\/label><input type=\"text\" name=\"Anderes_Produkt\" class=\"form-control  \" id=\"psfield_299_10\" style=\"\"\/><\/div><\/div><\/div><div class=\"row\"><div class=\"col-md-6\"><div class=\"form-group psfb-single-container\"><label class=\"control-label\" for=\"psfield_299_11\">Din Format Auswahl<\/label><select name=\"Din_Format_Auswahl\" class=\"form-control  \" id=\"psfield_299_11\" style=\"\"><option value=\"A6 \">A6 <\/option><option value=\"A5\">A5<\/option><option value=\"A4\" selected=\"selected\">A4<\/option><option value=\"A3\">A3<\/option><option value=\"A2\">A2<\/option><option value=\"A1\">A1<\/option><option value=\"A0\">A0<\/option><option value=\"Sonderformat (rechts)\">Sonderformat (rechts)<\/option><option value=\"Din lang 210 x 99 mm\">Din lang 210 x 99 mm<\/option><option value=\"Din lang 210 x 105 mm\">Din lang 210 x 105 mm<\/option><\/select><\/div><\/div><div class=\"col-md-6\"><div class=\"form-group psfb-single-container\"><label class=\"control-label\" for=\"psfield_299_12\">Sonderformat<\/label><input type=\"text\" name=\"Sonderformat\" class=\"form-control  \" id=\"psfield_299_12\" style=\"\"\/><p class=\"help-block\">z.B. 50 cm x 70 cm<\/p><\/div><\/div><\/div><div class=\"row\"><div class=\"col-md-6\"><div class=\"form-group psfb-single-container\"><label class=\"control-label\" for=\"psfield_299_13\">Papiergrammatur<\/label><select name=\"Papiergrammatur\" class=\"form-control  \" id=\"psfield_299_13\" style=\"\"><option value=\"80g\">80g<\/option><option value=\"100g\" selected=\"selected\">100g<\/option><option value=\"120g\">120g<\/option><option value=\"135g\">135g<\/option><option value=\"150g\">150g<\/option><option value=\"160g\">160g<\/option><option value=\"170g\">170g<\/option><option value=\"220g\">220g<\/option><option value=\"250g\">250g<\/option><option value=\"300g\">300g<\/option><option value=\"350g\">350g<\/option><\/select><\/div><\/div><div class=\"col-md-6\"><div class=\"form-group psfb-single-container\"><label class=\"control-label\" for=\"psfield_299_14\">Papiersorte<\/label><select name=\"Papiersorte\" class=\"form-control  \" id=\"psfield_299_14\" style=\"\"><option value=\"Naturpapier wei\u00df\">Naturpapier wei\u00df<\/option><option value=\"Naturpapier cremefarbig\">Naturpapier cremefarbig<\/option><option value=\"Bilderdruckpapier\">Bilderdruckpapier<\/option><option value=\"Strukturiertes Papier\">Strukturiertes Papier<\/option><option value=\"Wei\u00df satiniert (gegl\u00e4ttet)\">Wei\u00df satiniert (gegl\u00e4ttet)<\/option><option value=\"Bitte um Empfehlung\" selected=\"selected\">Bitte um Empfehlung<\/option><\/select><\/div><\/div><\/div><div class=\"row\"><div class=\"col-md-12\"><div class=\"form-group psfb-single-container\"><label class=\"control-label\" for=\"psfield_299_15\">Farbigkeit<\/label><div class=\"radio_wrapper\"><label class=\"radio-inline radio_wrapper\" style=\"\"><input type=\"radio\" value=\"einseitig sw\" name=\"Farbigkeit\" id=\"psfield_299_15_1\">einseitig sw<\/label><label class=\"radio-inline radio_wrapper\" style=\"\"><input type=\"radio\" value=\"beidseitig sw\" name=\"Farbigkeit\" id=\"psfield_299_15_2\">beidseitig sw<\/label><label class=\"radio-inline radio_wrapper\" style=\"\"><input type=\"radio\" value=\"einseitig farbig\" name=\"Farbigkeit\" id=\"psfield_299_15_3\">einseitig farbig<\/label><label class=\"radio-inline radio_wrapper\" style=\"\"><input type=\"radio\" value=\"beidseitig farbig\" name=\"Farbigkeit\" id=\"psfield_299_15_4\">beidseitig farbig<\/label><label class=\"radio-inline radio_wrapper\" style=\"\"><input type=\"radio\" value=\"Weissdruck einseitig\" name=\"Farbigkeit\" id=\"psfield_299_15_5\">Weissdruck einseitig<\/label><label class=\"radio-inline radio_wrapper\" style=\"\"><input type=\"radio\" value=\"Weissdruck beidseitig\" name=\"Farbigkeit\" id=\"psfield_299_15_6\">Weissdruck beidseitig<\/label><\/div><\/div><\/div><\/div><div class=\"row\"><div class=\"col-md-12\"><div class=\"form-group psfb-single-container\"><hr class=\"\"><\/div><\/div><\/div><div class=\"row\"><div class=\"col-md-4\"><div class=\"form-group psfb-single-container\"><label class=\"control-label\" for=\"psfield_299_17\">Exemplare<\/label><input type=\"text\" name=\"Exemplare\" class=\"form-control  \" id=\"psfield_299_17\" style=\"\"\/><p class=\"help-block\">z.B. 1, 2, 100, 250, 500, 1000<\/p><\/div><\/div><div class=\"col-md-4\"><div class=\"form-group psfb-single-container\"><label class=\"control-label\" for=\"psfield_299_18\">Seitenanzahl pro Exemplar<\/label><input type=\"text\" name=\"Seitenanzahl_pro_Exemplar\" class=\"form-control  \" id=\"psfield_299_18\" style=\"\"\/><\/div><\/div><div class=\"col-md-4\"><div class=\"form-group psfb-single-container\"><label class=\"control-label\" for=\"psfield_299_19\">Bindung<\/label><select name=\"Bindung\" class=\"form-control  \" id=\"psfield_299_19\" style=\"\"><option value=\"R\u00fcckendrahtheftung (Magazin)\">R\u00fcckendrahtheftung (Magazin)<\/option><option value=\"Klebebindung mit F\u00e4lzelband\">Klebebindung mit F\u00e4lzelband<\/option><option value=\"Hardcover auf Klemmbuchbasis\">Hardcover auf Klemmbuchbasis<\/option><option value=\"Spiralbindung (Metall)\">Spiralbindung (Metall)<\/option><option value=\"Hardcover mit Klebebindung (in Zusammenarbeit mit der Firma Handbuch - Atelier f\u00fcr Papiergestaltung \/ ca. 7-9 Arbeitstage)\">Hardcover mit Klebebindung (in Zusammenarbeit mit der Firma Handbuch - Atelier f\u00fcr Papiergestaltung \/ ca. 7-9 Arbeitstage)<\/option><option value=\"Hardcover mit Fadenbindung (in Zusammenarbeit mit der Firma Handbuch - Atelier f\u00fcr Papiergestaltung \/ ca. 7-9 Arbeitstage)\">Hardcover mit Fadenbindung (in Zusammenarbeit mit der Firma Handbuch - Atelier f\u00fcr Papiergestaltung \/ ca. 7-9 Arbeitstage)<\/option><option value=\"Softcover mit Klebebindung (in Zusammenarbeit mit der Firma Handbuch - Atelier f\u00fcr Papiergestaltung \/ ca. 7-9 Arbeitstage)\">Softcover mit Klebebindung (in Zusammenarbeit mit der Firma Handbuch - Atelier f\u00fcr Papiergestaltung \/ ca. 7-9 Arbeitstage)<\/option><option value=\"Softcover mit Fadenbindung (in Zusammenarbeit mit der Firma Handbuch - Atelier f\u00fcr Papiergestaltung \/ ca. 7-9 Arbeitstage)\">Softcover mit Fadenbindung (in Zusammenarbeit mit der Firma Handbuch - Atelier f\u00fcr Papiergestaltung \/ ca. 7-9 Arbeitstage)<\/option><option value=\"Keine Bindung\" selected=\"selected\">Keine Bindung<\/option><\/select><\/div><\/div><\/div><div class=\"row\"><div class=\"col-md-12\"><div class=\"form-group psfb-single-container\"><hr class=\"\"><\/div><\/div><\/div><div class=\"row\"><div class=\"col-md-12\"><div class=\"form-group psfb-single-container\"><input type=\"text\" name=\"Text\" value=\"Bitte beachten Sie, dass die maximale Dateigr\u00f6\u00dfe 15 MB betr\u00e4gt.\" class=\"form-control  \" id=\"psfield_299_21\" style=\"background: #ff0000; color: #ffffff\"\/><\/div><\/div><\/div><div class=\"row\"><div class=\"col-md-12\"><div class=\"form-group psfb-single-container\"><label class=\"control-label\" for=\"psfield_299_22\">Dateien ausw\u00e4hlen<\/label><div class=\"input-group\"><div class=\"input-group-addon\"><span class=\"fa fa-exclamation\"><\/span><\/div><input type=\"file\" multiple=\"multiple\" name=\"Dateien_ausw_hlen[]\" class=\"form-control  \" id=\"psfield_299_22\" style=\"\"\/><\/div><p class=\"help-block\">Bitte beachten Sie die maximale Dateigr\u00f6\u00dfe von 15 MB.<\/p><\/div><\/div><\/div><div class=\"row\"><div class=\"col-md-12\"><div class=\"form-group psfb-single-container\"><div style=\"position:relative;z-index:1;\"><button type=\"submit\" class=\"btn btn-primary                                                                                                             \" id=\"psfield_299_23\" style=\"\">Senden<\/button><\/div><\/div><\/div><\/div><\/div><\/form>\n","protected":false},"excerpt":{"rendered":"","protected":false},"author":1,"featured_media":0,"parent":0,"menu_order":0,"comment_status":"closed","ping_status":"closed","template":"","meta":{"footnotes":""},"class_list":["post-300","page","type-page","status-publish","hentry"],"_links":{"self":[{"href":"https:\/\/www.printmedienwerk.de\/index.php?rest_route=\/wp\/v2\/pages\/300","targetHints":{"allow":["GET"]}}],"collection":[{"href":"https:\/\/www.printmedienwerk.de\/index.php?rest_route=\/wp\/v2\/pages"}],"about":[{"href":"https:\/\/www.printmedienwerk.de\/index.php?rest_route=\/wp\/v2\/types\/page"}],"author":[{"embeddable":true,"href":"https:\/\/www.printmedienwerk.de\/index.php?rest_route=\/wp\/v2\/users\/1"}],"replies":[{"embeddable":true,"href":"https:\/\/www.printmedienwerk.de\/index.php?rest_route=%2Fwp%2Fv2%2Fcomments&post=300"}],"version-history":[{"count":3,"href":"https:\/\/www.printmedienwerk.de\/index.php?rest_route=\/wp\/v2\/pages\/300\/revisions"}],"predecessor-version":[{"id":1858,"href":"https:\/\/www.printmedienwerk.de\/index.php?rest_route=\/wp\/v2\/pages\/300\/revisions\/1858"}],"wp:attachment":[{"href":"https:\/\/www.printmedienwerk.de\/index.php?rest_route=%2Fwp%2Fv2%2Fmedia&parent=300"}],"curies":[{"name":"wp","href":"https:\/\/api.w.org\/{rel}","templated":true}]}}