{"id":1180,"date":"2019-11-11T11:17:39","date_gmt":"2019-11-11T11:17:39","guid":{"rendered":"https:\/\/www.printmedienwerk.de\/?page_id=1180"},"modified":"2019-11-13T13:52:08","modified_gmt":"2019-11-13T13:52:08","slug":"wir","status":"publish","type":"page","link":"https:\/\/www.printmedienwerk.de\/?page_id=1180","title":{"rendered":"Willkommen"},"content":{"rendered":"\n<p>Wir sind eine lokale Druckerei mit langj\u00e4hriger Erfahrung im Digitaldruck. Durch st\u00e4ndige Innovationen und Investition in unseren Maschinenpark zeichnet sich unsere Qualit\u00e4t aus. Mehrere moderne Produktionsmaschinen erlauben uns immer gr\u00f6\u00dfere Auflagen, in h\u00f6herer Qualit\u00e4t zu g\u00fcnstigen Preisen zu fertigen. <br>\nWo der Mensch noch gefragt ist, stehen engagierte und motivierte Mitarbeiter, die Ihren Auftrag zum gew\u00fcnschten Ergebnis bringen. <br>\nUnser Leistungsspektrum umfasst Beratung, Konzeption, Layout- und Druckdatenerstellung bis hin zum fertigen Druckprodukt. Dabei sind uns Standarddrucksachen, wie Gesch\u00e4ftspapiere und Brosch\u00fcren genauso willkommen, wie Ihre noch so individuelle Idee.<\/p>\n","protected":false},"excerpt":{"rendered":"<p>Wir sind eine lokale Druckerei mit langj\u00e4hriger Erfahrung im Digitaldruck. Durch st\u00e4ndige Innovationen und Investition in unseren Maschinenpark zeichnet sich unsere Qualit\u00e4t aus. Mehrere moderne Produktionsmaschinen erlauben uns immer gr\u00f6\u00dfere Auflagen, in h\u00f6herer Qualit\u00e4t zu g\u00fcnstigen Preisen zu fertigen. Wo der Mensch noch gefragt ist, stehen engagierte und motivierte Mitarbeiter, die Ihren Auftrag zum gew\u00fcnschten Ergebnis bringen. Unser Leistungsspektrum umfasst Beratung, Konzeption, Layout- und Druckdatenerstellung bis hin zum fertigen Druckprodukt. Dabei sind uns Standarddrucksachen, wie Gesch\u00e4ftspapiere und Brosch\u00fcren genauso willkommen, wie Ihre noch so individuelle Idee.<\/p>\n","protected":false},"author":1,"featured_media":1112,"parent":0,"menu_order":0,"comment_status":"closed","ping_status":"closed","template":"","meta":{"footnotes":""},"class_list":["post-1180","page","type-page","status-publish","has-post-thumbnail","hentry"],"_links":{"self":[{"href":"https:\/\/www.printmedienwerk.de\/index.php?rest_route=\/wp\/v2\/pages\/1180","targetHints":{"allow":["GET"]}}],"collection":[{"href":"https:\/\/www.printmedienwerk.de\/index.php?rest_route=\/wp\/v2\/pages"}],"about":[{"href":"https:\/\/www.printmedienwerk.de\/index.php?rest_route=\/wp\/v2\/types\/page"}],"author":[{"embeddable":true,"href":"https:\/\/www.printmedienwerk.de\/index.php?rest_route=\/wp\/v2\/users\/1"}],"replies":[{"embeddable":true,"href":"https:\/\/www.printmedienwerk.de\/index.php?rest_route=%2Fwp%2Fv2%2Fcomments&post=1180"}],"version-history":[{"count":14,"href":"https:\/\/www.printmedienwerk.de\/index.php?rest_route=\/wp\/v2\/pages\/1180\/revisions"}],"predecessor-version":[{"id":1288,"href":"https:\/\/www.printmedienwerk.de\/index.php?rest_route=\/wp\/v2\/pages\/1180\/revisions\/1288"}],"wp:featuredmedia":[{"embeddable":true,"href":"https:\/\/www.printmedienwerk.de\/index.php?rest_route=\/wp\/v2\/media\/1112"}],"wp:attachment":[{"href":"https:\/\/www.printmedienwerk.de\/index.php?rest_route=%2Fwp%2Fv2%2Fmedia&parent=1180"}],"curies":[{"name":"wp","href":"https:\/\/api.w.org\/{rel}","templated":true}]}}